{"id":56,"date":"2018-01-25T13:03:00","date_gmt":"2018-01-25T12:03:00","guid":{"rendered":"http:\/\/iema.blogs.upv.es\/?page_id=56"},"modified":"2018-01-25T13:03:00","modified_gmt":"2018-01-25T12:03:00","slug":"objetivos","status":"publish","type":"page","link":"https:\/\/iema.blogs.upv.es\/?page_id=56","title":{"rendered":"Objetivos"},"content":{"rendered":"<div align=\"left\"><span style=\"font-size: medium\"><b>Objetivos generales<\/b><\/span><\/div>\n<div align=\"left\"><span style=\"font-size: medium\">El grupo IEMA tiene como objetivo aproximarse a la complejidad de la evaluaci\u00f3n para implementar e investigar propuestas de innovaci\u00f3n desde las perspectivas de distintas disciplinas y asignaturas universitarias.<\/span><\/div>\n<div align=\"left\"><\/div>\n<div align=\"left\"><span style=\"font-size: medium\"><b>Objetivos espec\u00edficos<\/b><\/span><\/div>\n<ul>\n<li style=\"list-style-type: none\">\n<ul>\n<li>\n<div align=\"left\"><span style=\"font-size: medium\">Identificar las necesidades y problemas en las pr\u00e1cticas de evaluaci\u00f3n de la Universidad Polit\u00e9cnica de Valencia (UPV) atendiendo a los requerimientos del Espacio Europeo de Educaci\u00f3n Superior (EEES).<\/span><\/div>\n<\/li>\n<\/ul>\n<\/li>\n<\/ul>\n<ul>\n<li style=\"list-style-type: none\">\n<ul>\n<li>\n<div align=\"left\"><span style=\"font-size: medium\">Conocer c\u00f3mo se eval\u00faan las competencias gen\u00e9ricas y espec\u00edficas en las diferentes \u00e1reas de conocimientos y asignaturas, as\u00ed como los sistemas e instrumentos de evaluaci\u00f3n m\u00e1s adecuados para hacerlo.<\/span><\/div>\n<\/li>\n<\/ul>\n<\/li>\n<\/ul>\n<ul>\n<li style=\"list-style-type: none\">\n<ul>\n<li>\n<div align=\"left\"><span style=\"font-size: medium\">Profundizar en el conocimiento de t\u00e9cnicas de evaluaci\u00f3n del aprendizaje basado en metodolog\u00edas activas, evaluaci\u00f3n a distancia, aplicaci\u00f3n de TICs y <i>e-learning<\/i> a la evaluaci\u00f3n, actividades de auto e inter-regulaci\u00f3n, elaboraci\u00f3n de redes sem\u00e1nticas y mapas conceptuales, t\u00e9cnicas de evaluaci\u00f3n de la creatividad, etc.<\/span><\/div>\n<\/li>\n<\/ul>\n<\/li>\n<\/ul>\n<ul>\n<li style=\"list-style-type: none\">\n<ul>\n<li>\n<div align=\"left\"><span style=\"font-size: medium\">Buscar m\u00e9todos e instrumentos de evaluaci\u00f3n contrastados que se utilicen en otras universidades, especialmente en aquellas que constituyen centros de excelencia, para adaptarlos a los proyectos formativos de nuestra Universidad.<\/span><\/div>\n<\/li>\n<\/ul>\n<\/li>\n<\/ul>\n<ul>\n<li style=\"list-style-type: none\">\n<ul>\n<li>\n<div align=\"left\"><span style=\"font-size: medium\">Sensibilizar al profesorado universitario sobre la importancia de introducir mejoras en la evaluaci\u00f3n mediante actividades de difusi\u00f3n.<\/span><\/div>\n<\/li>\n<\/ul>\n<\/li>\n<\/ul>\n<ul>\n<li style=\"list-style-type: none\">\n<ul>\n<li>\n<div align=\"left\"><span style=\"font-size: medium\">Recopilar bibliograf\u00eda relacionada con la evaluaci\u00f3n.<\/span><\/div>\n<\/li>\n<\/ul>\n<\/li>\n<\/ul>\n<ul>\n<li style=\"list-style-type: none\">\n<ul>\n<li>\n<div align=\"left\"><span style=\"font-size: medium\">Investigar en docencia y difundir los resultados.<\/span><\/div>\n<\/li>\n<\/ul>\n<\/li>\n<\/ul>\n","protected":false},"excerpt":{"rendered":"<p>Objetivos generales El grupo IEMA tiene como objetivo aproximarse a la complejidad de la evaluaci\u00f3n para implementar e investigar propuestas de innovaci\u00f3n desde las perspectivas de distintas disciplinas y asignaturas universitarias. Objetivos espec\u00edficos Identificar las necesidades y problemas en las pr\u00e1cticas de evaluaci\u00f3n de la Universidad Polit\u00e9cnica de Valencia (UPV) atendiendo a los requerimientos del [&hellip;]<\/p>\n","protected":false},"author":470,"featured_media":0,"parent":40,"menu_order":2,"comment_status":"closed","ping_status":"closed","template":"","meta":{"footnotes":""},"class_list":["post-56","page","type-page","status-publish","hentry"],"yoast_head":"<!-- This site is optimized with the Yoast SEO plugin v27.6 - https:\/\/yoast.com\/product\/yoast-seo-wordpress\/ -->\n<title>Objetivos - IEMA (Innovaci\u00f3n en la Evaluaci\u00f3n para la Mejora del Aprendizaje activo)-Equipo de Innovaci\u00f3n y Calidad Educativa (EICE)<\/title>\n<meta name=\"robots\" content=\"index, follow, max-snippet:-1, max-image-preview:large, max-video-preview:-1\" \/>\n<link rel=\"canonical\" href=\"https:\/\/iema.blogs.upv.es\/?page_id=56\" \/>\n<meta property=\"og:locale\" content=\"es_ES\" \/>\n<meta property=\"og:type\" content=\"article\" \/>\n<meta property=\"og:title\" content=\"Objetivos - IEMA (Innovaci\u00f3n en la Evaluaci\u00f3n para la Mejora del Aprendizaje activo)-Equipo de Innovaci\u00f3n y Calidad Educativa (EICE)\" \/>\n<meta property=\"og:description\" content=\"Objetivos generales El grupo IEMA tiene como objetivo aproximarse a la complejidad de la evaluaci\u00f3n para implementar e investigar propuestas de innovaci\u00f3n desde las perspectivas de distintas disciplinas y asignaturas universitarias. Objetivos espec\u00edficos Identificar las necesidades y problemas en las pr\u00e1cticas de evaluaci\u00f3n de la Universidad Polit\u00e9cnica de Valencia (UPV) atendiendo a los requerimientos del [&hellip;]\" \/>\n<meta property=\"og:url\" content=\"https:\/\/iema.blogs.upv.es\/?page_id=56\" \/>\n<meta property=\"og:site_name\" content=\"IEMA (Innovaci\u00f3n en la Evaluaci\u00f3n para la Mejora del Aprendizaje activo)-Equipo de Innovaci\u00f3n y Calidad Educativa (EICE)\" \/>\n<meta name=\"twitter:card\" content=\"summary_large_image\" \/>\n<meta name=\"twitter:label1\" content=\"Tiempo de lectura\" \/>\n\t<meta name=\"twitter:data1\" content=\"1 minuto\" \/>\n<script type=\"application\/ld+json\" class=\"yoast-schema-graph\">{\"@context\":\"https:\\\/\\\/schema.org\",\"@graph\":[{\"@type\":\"WebPage\",\"@id\":\"https:\\\/\\\/iema.blogs.upv.es\\\/?page_id=56\",\"url\":\"https:\\\/\\\/iema.blogs.upv.es\\\/?page_id=56\",\"name\":\"Objetivos - IEMA (Innovaci\u00f3n en la Evaluaci\u00f3n para la Mejora del Aprendizaje activo)-Equipo de Innovaci\u00f3n y Calidad Educativa (EICE)\",\"isPartOf\":{\"@id\":\"https:\\\/\\\/iema.blogs.upv.es\\\/#website\"},\"datePublished\":\"2018-01-25T12:03:00+00:00\",\"breadcrumb\":{\"@id\":\"https:\\\/\\\/iema.blogs.upv.es\\\/?page_id=56#breadcrumb\"},\"inLanguage\":\"es\",\"potentialAction\":[{\"@type\":\"ReadAction\",\"target\":[\"https:\\\/\\\/iema.blogs.upv.es\\\/?page_id=56\"]}]},{\"@type\":\"BreadcrumbList\",\"@id\":\"https:\\\/\\\/iema.blogs.upv.es\\\/?page_id=56#breadcrumb\",\"itemListElement\":[{\"@type\":\"ListItem\",\"position\":1,\"name\":\"Portada\",\"item\":\"https:\\\/\\\/iema.blogs.upv.es\\\/\"},{\"@type\":\"ListItem\",\"position\":2,\"name\":\"Castellano\",\"item\":\"https:\\\/\\\/iema.blogs.upv.es\\\/?page_id=40\"},{\"@type\":\"ListItem\",\"position\":3,\"name\":\"Objetivos\"}]},{\"@type\":\"WebSite\",\"@id\":\"https:\\\/\\\/iema.blogs.upv.es\\\/#website\",\"url\":\"https:\\\/\\\/iema.blogs.upv.es\\\/\",\"name\":\"IEMA (Innovaci\u00f3n en la Evaluaci\u00f3n para la Mejora del Aprendizaje activo)-Equipo de Innovaci\u00f3n y Calidad Educativa (EICE)\",\"description\":\"IEMA\",\"potentialAction\":[{\"@type\":\"SearchAction\",\"target\":{\"@type\":\"EntryPoint\",\"urlTemplate\":\"https:\\\/\\\/iema.blogs.upv.es\\\/?s={search_term_string}\"},\"query-input\":{\"@type\":\"PropertyValueSpecification\",\"valueRequired\":true,\"valueName\":\"search_term_string\"}}],\"inLanguage\":\"es\"}]}<\/script>\n<!-- \/ Yoast SEO plugin. -->","yoast_head_json":{"title":"Objetivos - IEMA (Innovaci\u00f3n en la Evaluaci\u00f3n para la Mejora del Aprendizaje activo)-Equipo de Innovaci\u00f3n y Calidad Educativa (EICE)","robots":{"index":"index","follow":"follow","max-snippet":"max-snippet:-1","max-image-preview":"max-image-preview:large","max-video-preview":"max-video-preview:-1"},"canonical":"https:\/\/iema.blogs.upv.es\/?page_id=56","og_locale":"es_ES","og_type":"article","og_title":"Objetivos - IEMA (Innovaci\u00f3n en la Evaluaci\u00f3n para la Mejora del Aprendizaje activo)-Equipo de Innovaci\u00f3n y Calidad Educativa (EICE)","og_description":"Objetivos generales El grupo IEMA tiene como objetivo aproximarse a la complejidad de la evaluaci\u00f3n para implementar e investigar propuestas de innovaci\u00f3n desde las perspectivas de distintas disciplinas y asignaturas universitarias. Objetivos espec\u00edficos Identificar las necesidades y problemas en las pr\u00e1cticas de evaluaci\u00f3n de la Universidad Polit\u00e9cnica de Valencia (UPV) atendiendo a los requerimientos del [&hellip;]","og_url":"https:\/\/iema.blogs.upv.es\/?page_id=56","og_site_name":"IEMA (Innovaci\u00f3n en la Evaluaci\u00f3n para la Mejora del Aprendizaje activo)-Equipo de Innovaci\u00f3n y Calidad Educativa (EICE)","twitter_card":"summary_large_image","twitter_misc":{"Tiempo de lectura":"1 minuto"},"schema":{"@context":"https:\/\/schema.org","@graph":[{"@type":"WebPage","@id":"https:\/\/iema.blogs.upv.es\/?page_id=56","url":"https:\/\/iema.blogs.upv.es\/?page_id=56","name":"Objetivos - IEMA (Innovaci\u00f3n en la Evaluaci\u00f3n para la Mejora del Aprendizaje activo)-Equipo de Innovaci\u00f3n y Calidad Educativa (EICE)","isPartOf":{"@id":"https:\/\/iema.blogs.upv.es\/#website"},"datePublished":"2018-01-25T12:03:00+00:00","breadcrumb":{"@id":"https:\/\/iema.blogs.upv.es\/?page_id=56#breadcrumb"},"inLanguage":"es","potentialAction":[{"@type":"ReadAction","target":["https:\/\/iema.blogs.upv.es\/?page_id=56"]}]},{"@type":"BreadcrumbList","@id":"https:\/\/iema.blogs.upv.es\/?page_id=56#breadcrumb","itemListElement":[{"@type":"ListItem","position":1,"name":"Portada","item":"https:\/\/iema.blogs.upv.es\/"},{"@type":"ListItem","position":2,"name":"Castellano","item":"https:\/\/iema.blogs.upv.es\/?page_id=40"},{"@type":"ListItem","position":3,"name":"Objetivos"}]},{"@type":"WebSite","@id":"https:\/\/iema.blogs.upv.es\/#website","url":"https:\/\/iema.blogs.upv.es\/","name":"IEMA (Innovaci\u00f3n en la Evaluaci\u00f3n para la Mejora del Aprendizaje activo)-Equipo de Innovaci\u00f3n y Calidad Educativa (EICE)","description":"IEMA","potentialAction":[{"@type":"SearchAction","target":{"@type":"EntryPoint","urlTemplate":"https:\/\/iema.blogs.upv.es\/?s={search_term_string}"},"query-input":{"@type":"PropertyValueSpecification","valueRequired":true,"valueName":"search_term_string"}}],"inLanguage":"es"}]}},"_links":{"self":[{"href":"https:\/\/iema.blogs.upv.es\/index.php?rest_route=\/wp\/v2\/pages\/56","targetHints":{"allow":["GET"]}}],"collection":[{"href":"https:\/\/iema.blogs.upv.es\/index.php?rest_route=\/wp\/v2\/pages"}],"about":[{"href":"https:\/\/iema.blogs.upv.es\/index.php?rest_route=\/wp\/v2\/types\/page"}],"author":[{"embeddable":true,"href":"https:\/\/iema.blogs.upv.es\/index.php?rest_route=\/wp\/v2\/users\/470"}],"replies":[{"embeddable":true,"href":"https:\/\/iema.blogs.upv.es\/index.php?rest_route=%2Fwp%2Fv2%2Fcomments&post=56"}],"version-history":[{"count":0,"href":"https:\/\/iema.blogs.upv.es\/index.php?rest_route=\/wp\/v2\/pages\/56\/revisions"}],"up":[{"embeddable":true,"href":"https:\/\/iema.blogs.upv.es\/index.php?rest_route=\/wp\/v2\/pages\/40"}],"wp:attachment":[{"href":"https:\/\/iema.blogs.upv.es\/index.php?rest_route=%2Fwp%2Fv2%2Fmedia&parent=56"}],"curies":[{"name":"wp","href":"https:\/\/api.w.org\/{rel}","templated":true}]}}